{"id":161,"date":"2023-09-22T15:24:47","date_gmt":"2023-09-22T12:24:47","guid":{"rendered":"https:\/\/lumierelektrik.com\/?page_id=161"},"modified":"2023-09-22T15:29:07","modified_gmt":"2023-09-22T12:29:07","slug":"hizmetlerimiz","status":"publish","type":"page","link":"https:\/\/lumierelektrik.com\/index.php\/hizmetlerimiz\/","title":{"rendered":"Hizmetlerimiz"},"content":{"rendered":"\t\t<div data-elementor-type=\"wp-page\" data-elementor-id=\"161\" class=\"elementor elementor-161\">\n\t\t\t\t\t\t<section class=\"elementor-section elementor-top-section elementor-element elementor-element-db86d5b elementor-section-full_width elementor-section-height-default elementor-section-height-default\" data-id=\"db86d5b\" data-element_type=\"section\">\n\t\t\t\t\t\t<div class=\"elementor-container elementor-column-gap-no\">\n\t\t\t\t\t<div class=\"elementor-column elementor-col-100 elementor-top-column elementor-element elementor-element-a5939ce\" data-id=\"a5939ce\" data-element_type=\"column\">\n\t\t\t<div class=\"elementor-widget-wrap elementor-element-populated\">\n\t\t\t\t\t\t<div class=\"elementor-element elementor-element-5da1c64 elementor-widget elementor-widget-heading\" data-id=\"5da1c64\" data-element_type=\"widget\" data-widget_type=\"heading.default\">\n\t\t\t\t<div class=\"elementor-widget-container\">\n\t\t\t\t\t<h3 class=\"elementor-heading-title elementor-size-default\">Hizmetlerimiz<\/h3>\t\t\t\t<\/div>\n\t\t\t\t<\/div>\n\t\t\t\t<div class=\"elementor-element elementor-element-4323517 elementor-widget elementor-widget-heading\" data-id=\"4323517\" data-element_type=\"widget\" data-widget_type=\"heading.default\">\n\t\t\t\t<div class=\"elementor-widget-container\">\n\t\t\t\t\t<p class=\"elementor-heading-title elementor-size-default\">Elektrik tesisat, taahh\u00fct, proje, dan\u0131\u015fmanl\u0131k ve kontrol hizmetleri\n<\/p>\t\t\t\t<\/div>\n\t\t\t\t<\/div>\n\t\t\t\t<section class=\"elementor-section elementor-inner-section elementor-element elementor-element-d7d5ad9 elementor-section-full_width elementor-section-height-default elementor-section-height-default\" data-id=\"d7d5ad9\" data-element_type=\"section\">\n\t\t\t\t\t\t<div class=\"elementor-container elementor-column-gap-no\">\n\t\t\t\t\t<div class=\"elementor-column elementor-col-33 elementor-inner-column elementor-element elementor-element-48026bb\" data-id=\"48026bb\" data-element_type=\"column\">\n\t\t\t<div class=\"elementor-widget-wrap elementor-element-populated\">\n\t\t\t\t\t\t<div class=\"elementor-element elementor-element-eda998e elementor-position-top elementor-widget elementor-widget-image-box\" data-id=\"eda998e\" data-element_type=\"widget\" data-widget_type=\"image-box.default\">\n\t\t\t\t<div class=\"elementor-widget-container\">\n\t\t\t\t\t<div class=\"elementor-image-box-wrapper\"><figure class=\"elementor-image-box-img\"><a href=\"https:\/\/lumierelektrik.com\/index.php\/elektrik-ve-tesisat\/\" tabindex=\"-1\"><img fetchpriority=\"high\" decoding=\"async\" width=\"1200\" height=\"675\" src=\"https:\/\/lumierelektrik.com\/wp-content\/uploads\/2023\/09\/elektrik-taahhut-lumiere-elektrik.jpg\" class=\"elementor-animation-grow attachment-full size-full wp-image-97\" alt=\"\" srcset=\"https:\/\/lumierelektrik.com\/wp-content\/uploads\/2023\/09\/elektrik-taahhut-lumiere-elektrik.jpg 1200w, https:\/\/lumierelektrik.com\/wp-content\/uploads\/2023\/09\/elektrik-taahhut-lumiere-elektrik-300x169.jpg 300w, https:\/\/lumierelektrik.com\/wp-content\/uploads\/2023\/09\/elektrik-taahhut-lumiere-elektrik-1024x576.jpg 1024w, https:\/\/lumierelektrik.com\/wp-content\/uploads\/2023\/09\/elektrik-taahhut-lumiere-elektrik-768x432.jpg 768w\" sizes=\"(max-width: 1200px) 100vw, 1200px\" \/><\/a><\/figure><div class=\"elementor-image-box-content\"><h4 class=\"elementor-image-box-title\"><a href=\"https:\/\/lumierelektrik.com\/index.php\/elektrik-ve-tesisat\/\">Elektrik ve Taahh\u00fct<\/a><\/h4><\/div><\/div>\t\t\t\t<\/div>\n\t\t\t\t<\/div>\n\t\t\t\t\t<\/div>\n\t\t<\/div>\n\t\t\t\t<div class=\"elementor-column elementor-col-33 elementor-inner-column elementor-element elementor-element-950d726\" data-id=\"950d726\" data-element_type=\"column\">\n\t\t\t<div class=\"elementor-widget-wrap elementor-element-populated\">\n\t\t\t\t\t\t<div class=\"elementor-element elementor-element-068646f elementor-position-top elementor-widget elementor-widget-image-box\" data-id=\"068646f\" data-element_type=\"widget\" data-widget_type=\"image-box.default\">\n\t\t\t\t<div class=\"elementor-widget-container\">\n\t\t\t\t\t<div class=\"elementor-image-box-wrapper\"><figure class=\"elementor-image-box-img\"><a href=\"https:\/\/lumierelektrik.com\/index.php\/proje-ve-muhendislik\/\" tabindex=\"-1\"><img decoding=\"async\" width=\"1200\" height=\"675\" src=\"https:\/\/lumierelektrik.com\/wp-content\/uploads\/2023\/09\/projelendirme-lumiere-elektrik.jpg\" class=\"elementor-animation-grow attachment-full size-full wp-image-98\" alt=\"\" srcset=\"https:\/\/lumierelektrik.com\/wp-content\/uploads\/2023\/09\/projelendirme-lumiere-elektrik.jpg 1200w, https:\/\/lumierelektrik.com\/wp-content\/uploads\/2023\/09\/projelendirme-lumiere-elektrik-300x169.jpg 300w, https:\/\/lumierelektrik.com\/wp-content\/uploads\/2023\/09\/projelendirme-lumiere-elektrik-1024x576.jpg 1024w, https:\/\/lumierelektrik.com\/wp-content\/uploads\/2023\/09\/projelendirme-lumiere-elektrik-768x432.jpg 768w\" sizes=\"(max-width: 1200px) 100vw, 1200px\" \/><\/a><\/figure><div class=\"elementor-image-box-content\"><h4 class=\"elementor-image-box-title\"><a href=\"https:\/\/lumierelektrik.com\/index.php\/proje-ve-muhendislik\/\">Projelendirme<\/a><\/h4><\/div><\/div>\t\t\t\t<\/div>\n\t\t\t\t<\/div>\n\t\t\t\t\t<\/div>\n\t\t<\/div>\n\t\t\t\t<div class=\"elementor-column elementor-col-33 elementor-inner-column elementor-element elementor-element-9c2ca01\" data-id=\"9c2ca01\" data-element_type=\"column\">\n\t\t\t<div class=\"elementor-widget-wrap elementor-element-populated\">\n\t\t\t\t\t\t<div class=\"elementor-element elementor-element-dd39568 elementor-position-top elementor-widget elementor-widget-image-box\" data-id=\"dd39568\" data-element_type=\"widget\" data-widget_type=\"image-box.default\">\n\t\t\t\t<div class=\"elementor-widget-container\">\n\t\t\t\t\t<div class=\"elementor-image-box-wrapper\"><figure class=\"elementor-image-box-img\"><a href=\"https:\/\/lumierelektrik.com\/index.php\/danismanlik\/\" tabindex=\"-1\"><img decoding=\"async\" width=\"1200\" height=\"675\" src=\"https:\/\/lumierelektrik.com\/wp-content\/uploads\/2023\/09\/danismanlik-lumiere-elektrik.jpg\" class=\"elementor-animation-grow attachment-full size-full wp-image-99\" alt=\"\" srcset=\"https:\/\/lumierelektrik.com\/wp-content\/uploads\/2023\/09\/danismanlik-lumiere-elektrik.jpg 1200w, https:\/\/lumierelektrik.com\/wp-content\/uploads\/2023\/09\/danismanlik-lumiere-elektrik-300x169.jpg 300w, https:\/\/lumierelektrik.com\/wp-content\/uploads\/2023\/09\/danismanlik-lumiere-elektrik-1024x576.jpg 1024w, https:\/\/lumierelektrik.com\/wp-content\/uploads\/2023\/09\/danismanlik-lumiere-elektrik-768x432.jpg 768w\" sizes=\"(max-width: 1200px) 100vw, 1200px\" \/><\/a><\/figure><div class=\"elementor-image-box-content\"><h4 class=\"elementor-image-box-title\"><a href=\"https:\/\/lumierelektrik.com\/index.php\/danismanlik\/\">Dan\u0131\u015fmanl\u0131k<\/a><\/h4><\/div><\/div>\t\t\t\t<\/div>\n\t\t\t\t<\/div>\n\t\t\t\t\t<\/div>\n\t\t<\/div>\n\t\t\t\t\t<\/div>\n\t\t<\/section>\n\t\t\t\t\t<\/div>\n\t\t<\/div>\n\t\t\t\t\t<\/div>\n\t\t<\/section>\n\t\t\t\t<\/div>\n\t\t","protected":false},"excerpt":{"rendered":"<p>Hizmetlerimiz Elektrik tesisat, taahh\u00fct, proje, dan\u0131\u015fmanl\u0131k ve kontrol hizmetleri Elektrik ve Taahh\u00fct Projelendirme Dan\u0131\u015fmanl\u0131k<\/p>\n","protected":false},"author":1,"featured_media":0,"parent":0,"menu_order":0,"comment_status":"closed","ping_status":"closed","template":"","meta":{"footnotes":""},"class_list":["post-161","page","type-page","status-publish","hentry"],"_links":{"self":[{"href":"https:\/\/lumierelektrik.com\/index.php\/wp-json\/wp\/v2\/pages\/161","targetHints":{"allow":["GET"]}}],"collection":[{"href":"https:\/\/lumierelektrik.com\/index.php\/wp-json\/wp\/v2\/pages"}],"about":[{"href":"https:\/\/lumierelektrik.com\/index.php\/wp-json\/wp\/v2\/types\/page"}],"author":[{"embeddable":true,"href":"https:\/\/lumierelektrik.com\/index.php\/wp-json\/wp\/v2\/users\/1"}],"replies":[{"embeddable":true,"href":"https:\/\/lumierelektrik.com\/index.php\/wp-json\/wp\/v2\/comments?post=161"}],"version-history":[{"count":16,"href":"https:\/\/lumierelektrik.com\/index.php\/wp-json\/wp\/v2\/pages\/161\/revisions"}],"predecessor-version":[{"id":181,"href":"https:\/\/lumierelektrik.com\/index.php\/wp-json\/wp\/v2\/pages\/161\/revisions\/181"}],"wp:attachment":[{"href":"https:\/\/lumierelektrik.com\/index.php\/wp-json\/wp\/v2\/media?parent=161"}],"curies":[{"name":"wp","href":"https:\/\/api.w.org\/{rel}","templated":true}]}}