{"id":127,"date":"2023-09-22T14:47:12","date_gmt":"2023-09-22T11:47:12","guid":{"rendered":"https:\/\/lumierelektrik.com\/?page_id=127"},"modified":"2023-09-22T14:51:29","modified_gmt":"2023-09-22T11:51:29","slug":"danismanlik","status":"publish","type":"page","link":"https:\/\/lumierelektrik.com\/index.php\/danismanlik\/","title":{"rendered":"Dan\u0131\u015fmanl\u0131k"},"content":{"rendered":"\t\t<div data-elementor-type=\"wp-page\" data-elementor-id=\"127\" class=\"elementor elementor-127\">\n\t\t\t\t\t\t<section class=\"elementor-section elementor-top-section elementor-element elementor-element-e0f6ef8 elementor-section-content-middle elementor-section-boxed elementor-section-height-default elementor-section-height-default\" data-id=\"e0f6ef8\" data-element_type=\"section\">\n\t\t\t\t\t\t<div class=\"elementor-container elementor-column-gap-no\">\n\t\t\t\t\t<div class=\"elementor-column elementor-col-50 elementor-top-column elementor-element elementor-element-68d5a853\" data-id=\"68d5a853\" data-element_type=\"column\">\n\t\t\t<div class=\"elementor-widget-wrap elementor-element-populated\">\n\t\t\t\t\t\t<div class=\"elementor-element elementor-element-da8029a elementor-widget elementor-widget-image\" data-id=\"da8029a\" data-element_type=\"widget\" data-widget_type=\"image.default\">\n\t\t\t\t<div class=\"elementor-widget-container\">\n\t\t\t\t\t\t\t\t\t\t\t\t\t\t\t<img fetchpriority=\"high\" decoding=\"async\" width=\"780\" height=\"570\" src=\"https:\/\/lumierelektrik.com\/wp-content\/uploads\/2023\/09\/danismanlik-lumiere-elektrik-1.jpg\" class=\"attachment-large size-large wp-image-129\" alt=\"\" srcset=\"https:\/\/lumierelektrik.com\/wp-content\/uploads\/2023\/09\/danismanlik-lumiere-elektrik-1.jpg 780w, https:\/\/lumierelektrik.com\/wp-content\/uploads\/2023\/09\/danismanlik-lumiere-elektrik-1-300x219.jpg 300w, https:\/\/lumierelektrik.com\/wp-content\/uploads\/2023\/09\/danismanlik-lumiere-elektrik-1-768x561.jpg 768w\" sizes=\"(max-width: 780px) 100vw, 780px\" \/>\t\t\t\t\t\t\t\t\t\t\t\t\t\t\t<\/div>\n\t\t\t\t<\/div>\n\t\t\t\t\t<\/div>\n\t\t<\/div>\n\t\t\t\t<div class=\"elementor-column elementor-col-50 elementor-top-column elementor-element elementor-element-7839acd\" data-id=\"7839acd\" data-element_type=\"column\">\n\t\t\t<div class=\"elementor-widget-wrap elementor-element-populated\">\n\t\t\t\t\t\t<div class=\"elementor-element elementor-element-ee45acb elementor-widget elementor-widget-heading\" data-id=\"ee45acb\" data-element_type=\"widget\" data-widget_type=\"heading.default\">\n\t\t\t\t<div class=\"elementor-widget-container\">\n\t\t\t\t\t<h2 class=\"elementor-heading-title elementor-size-default\">DANI\u015eMANLIK &amp; KONTROL<\/h2>\t\t\t\t<\/div>\n\t\t\t\t<\/div>\n\t\t\t\t<div class=\"elementor-element elementor-element-329a8352 elementor-widget-divider--view-line elementor-widget elementor-widget-divider\" data-id=\"329a8352\" data-element_type=\"widget\" data-widget_type=\"divider.default\">\n\t\t\t\t<div class=\"elementor-widget-container\">\n\t\t\t\t\t\t\t<div class=\"elementor-divider\">\n\t\t\t<span class=\"elementor-divider-separator\">\n\t\t\t\t\t\t<\/span>\n\t\t<\/div>\n\t\t\t\t\t\t<\/div>\n\t\t\t\t<\/div>\n\t\t\t\t<div class=\"elementor-element elementor-element-5a7c490 elementor-widget__width-initial elementor-widget elementor-widget-text-editor\" data-id=\"5a7c490\" data-element_type=\"widget\" data-widget_type=\"text-editor.default\">\n\t\t\t\t<div class=\"elementor-widget-container\">\n\t\t\t\t\t\t\t\t\t<p><strong>LUMIERE Elektrik olarak, vermi\u015f oldu\u011fumuz bir di\u011fer hizmet de dan\u0131\u015fmanl\u0131k hizmetidir. Ekibimiz, sahip oldu\u011fu tecr\u00fcbeyi payla\u015fmaktan her zaman mutluluk duymu\u015ftur.<\/strong><\/p>\n<p>Sizlere yard\u0131mc\u0131 olmak ve uzun y\u0131llar\u0131n vermi\u015f oldu\u011fu deneyimi sizlere de aktarmak i\u00e7in ofislerimizde dan\u0131\u015fmanl\u0131k hizmetlerine de yer vermekteyiz.<\/p>\n<p>Ya\u015fanacak olan elektrik sorunlar\u0131na dair her t\u00fcrl\u00fc teknik bilgiye ve ekipmana sahip olan ekibimiz, dan\u0131\u015fmanl\u0131k hizmetleri ile bu bilgiyi sizlerle de payla\u015fmaktad\u0131r.<\/p>\n<p>Dan\u0131\u015fmanl\u0131k hizmetlerimizin kapsam\u0131na giren birka\u00e7 \u00e7\u00f6z\u00fcm\u00fcm\u00fcz\u00fc sayacak olursak;<br>\u00bb Trafo merkezleri dan\u0131\u015fmanl\u0131k hizmetleri,<br>\u00bb \u00d6l\u00e7\u00fcm hizmetleri<br>\u00bb Filtrasyon \u00e7\u00f6z\u00fcmleri,<br>\u00bb Topraklama diren\u00e7 \u00f6l\u00e7\u00fcmleri ve \u00e7\u00f6z\u00fcmleri,<br>\u00bb Ayd\u0131nl\u0131k \u015fiddet \u00f6l\u00e7\u00fcmleri ve gerekli \u00e7\u00f6z\u00fcmler,<br>\u00bb Enerji maliyet \u00f6l\u00e7\u00fcmleri,<br>\u00bb Trafo ya\u011f kalitesi \u00f6l\u00e7\u00fcmleri alanlar\u0131,<\/p>\t\t\t\t\t\t\t\t<\/div>\n\t\t\t\t<\/div>\n\t\t\t\t<div class=\"elementor-element elementor-element-7a120363 elementor-widget elementor-widget-text-editor\" data-id=\"7a120363\" data-element_type=\"widget\" data-widget_type=\"text-editor.default\">\n\t\t\t\t<div class=\"elementor-widget-container\">\n\t\t\t\t\t\t\t\t\t<div><p>vb. bir\u00e7ok alanda siz de\u011ferli \u00e7\u00f6z\u00fcm ortaklar\u0131m\u0131za dan\u0131\u015fmanl\u0131k hizmetleri sunmaktay\u0131z.<\/p><\/div><div>\u00a0<\/div>\t\t\t\t\t\t\t\t<\/div>\n\t\t\t\t<\/div>\n\t\t\t\t\t<\/div>\n\t\t<\/div>\n\t\t\t\t\t<\/div>\n\t\t<\/section>\n\t\t\t\t<\/div>\n\t\t","protected":false},"excerpt":{"rendered":"<p>DANI\u015eMANLIK &#038; KONTROL LUMIERE Elektrik olarak, vermi\u015f oldu\u011fumuz bir di\u011fer hizmet de dan\u0131\u015fmanl\u0131k hizmetidir. Ekibimiz, sahip oldu\u011fu tecr\u00fcbeyi payla\u015fmaktan her zaman mutluluk duymu\u015ftur. Sizlere yard\u0131mc\u0131 olmak ve uzun y\u0131llar\u0131n vermi\u015f oldu\u011fu deneyimi sizlere de aktarmak i\u00e7in ofislerimizde dan\u0131\u015fmanl\u0131k hizmetlerine de yer vermekteyiz. Ya\u015fanacak olan elektrik sorunlar\u0131na dair her t\u00fcrl\u00fc teknik bilgiye ve ekipmana sahip olan [&hellip;]<\/p>\n","protected":false},"author":1,"featured_media":0,"parent":0,"menu_order":0,"comment_status":"closed","ping_status":"closed","template":"","meta":{"footnotes":""},"class_list":["post-127","page","type-page","status-publish","hentry"],"_links":{"self":[{"href":"https:\/\/lumierelektrik.com\/index.php\/wp-json\/wp\/v2\/pages\/127","targetHints":{"allow":["GET"]}}],"collection":[{"href":"https:\/\/lumierelektrik.com\/index.php\/wp-json\/wp\/v2\/pages"}],"about":[{"href":"https:\/\/lumierelektrik.com\/index.php\/wp-json\/wp\/v2\/types\/page"}],"author":[{"embeddable":true,"href":"https:\/\/lumierelektrik.com\/index.php\/wp-json\/wp\/v2\/users\/1"}],"replies":[{"embeddable":true,"href":"https:\/\/lumierelektrik.com\/index.php\/wp-json\/wp\/v2\/comments?post=127"}],"version-history":[{"count":4,"href":"https:\/\/lumierelektrik.com\/index.php\/wp-json\/wp\/v2\/pages\/127\/revisions"}],"predecessor-version":[{"id":132,"href":"https:\/\/lumierelektrik.com\/index.php\/wp-json\/wp\/v2\/pages\/127\/revisions\/132"}],"wp:attachment":[{"href":"https:\/\/lumierelektrik.com\/index.php\/wp-json\/wp\/v2\/media?parent=127"}],"curies":[{"name":"wp","href":"https:\/\/api.w.org\/{rel}","templated":true}]}}