{"id":113,"date":"2023-09-22T14:22:29","date_gmt":"2023-09-22T11:22:29","guid":{"rendered":"https:\/\/lumierelektrik.com\/?page_id=113"},"modified":"2023-09-22T14:28:34","modified_gmt":"2023-09-22T11:28:34","slug":"proje-ve-muhendislik","status":"publish","type":"page","link":"https:\/\/lumierelektrik.com\/index.php\/proje-ve-muhendislik\/","title":{"rendered":"Proje ve M\u00fchendislik"},"content":{"rendered":"\t\t<div data-elementor-type=\"wp-page\" data-elementor-id=\"113\" class=\"elementor elementor-113\">\n\t\t\t\t\t\t<section class=\"elementor-section elementor-top-section elementor-element elementor-element-2c4ee1b3 elementor-section-content-middle elementor-section-boxed elementor-section-height-default elementor-section-height-default\" data-id=\"2c4ee1b3\" data-element_type=\"section\">\n\t\t\t\t\t\t<div class=\"elementor-container elementor-column-gap-no\">\n\t\t\t\t\t<div class=\"elementor-column elementor-col-100 elementor-top-column elementor-element elementor-element-6f77619\" data-id=\"6f77619\" data-element_type=\"column\">\n\t\t\t<div class=\"elementor-widget-wrap elementor-element-populated\">\n\t\t\t\t\t\t<div class=\"elementor-element elementor-element-15149454 elementor-widget elementor-widget-heading\" data-id=\"15149454\" data-element_type=\"widget\" data-widget_type=\"heading.default\">\n\t\t\t\t<div class=\"elementor-widget-container\">\n\t\t\t\t\t<h4 class=\"elementor-heading-title elementor-size-default\">Proje ve M\u00fchendislik<\/h4>\t\t\t\t<\/div>\n\t\t\t\t<\/div>\n\t\t\t\t<section class=\"elementor-section elementor-inner-section elementor-element elementor-element-f0ef91e elementor-section-boxed elementor-section-height-default elementor-section-height-default\" data-id=\"f0ef91e\" data-element_type=\"section\">\n\t\t\t\t\t\t<div class=\"elementor-container elementor-column-gap-wider\">\n\t\t\t\t\t<div class=\"elementor-column elementor-col-33 elementor-inner-column elementor-element elementor-element-0696643\" data-id=\"0696643\" data-element_type=\"column\">\n\t\t\t<div class=\"elementor-widget-wrap elementor-element-populated\">\n\t\t\t\t\t\t<div class=\"elementor-element elementor-element-18f0e9d elementor-widget elementor-widget-heading\" data-id=\"18f0e9d\" data-element_type=\"widget\" data-widget_type=\"heading.default\">\n\t\t\t\t<div class=\"elementor-widget-container\">\n\t\t\t\t\t<h2 class=\"elementor-heading-title elementor-size-default\">Ck Beda\u015f Abonelik \u0130\u015flemleri<\/h2>\t\t\t\t<\/div>\n\t\t\t\t<\/div>\n\t\t\t\t<div class=\"elementor-element elementor-element-57a1049 elementor-widget elementor-widget-text-editor\" data-id=\"57a1049\" data-element_type=\"widget\" data-widget_type=\"text-editor.default\">\n\t\t\t\t<div class=\"elementor-widget-container\">\n\t\t\t\t\t\t\t\t\t<div class=\"wpb_text_column wpb_content_element \"><div class=\"wpb_wrapper\"><p>Yetkili fen adam\u0131 personellerimizle, ev \u2013 i\u015fyeri \u2013 fabrika \u2013 Su kuyusu vb mahallere ilgili elektrik da\u011f\u0131t\u0131m \u015firketinde abonelik i\u015flemleri h\u0131zl\u0131 ve pratik \u00e7\u00f6z\u00fcmlerle yap\u0131lmaktad\u0131r.<\/p><\/div><\/div>\t\t\t\t\t\t\t\t<\/div>\n\t\t\t\t<\/div>\n\t\t\t\t\t<\/div>\n\t\t<\/div>\n\t\t\t\t<div class=\"elementor-column elementor-col-33 elementor-inner-column elementor-element elementor-element-b23bf7f\" data-id=\"b23bf7f\" data-element_type=\"column\">\n\t\t\t<div class=\"elementor-widget-wrap elementor-element-populated\">\n\t\t\t\t\t\t<div class=\"elementor-element elementor-element-ec74e61 elementor-widget elementor-widget-heading\" data-id=\"ec74e61\" data-element_type=\"widget\" data-widget_type=\"heading.default\">\n\t\t\t\t<div class=\"elementor-widget-container\">\n\t\t\t\t\t<h2 class=\"elementor-heading-title elementor-size-default\">Al\u00e7ak Gerilim Proje \u00c7izimleri<\/h2>\t\t\t\t<\/div>\n\t\t\t\t<\/div>\n\t\t\t\t<div class=\"elementor-element elementor-element-bdefc5c elementor-widget elementor-widget-text-editor\" data-id=\"bdefc5c\" data-element_type=\"widget\" data-widget_type=\"text-editor.default\">\n\t\t\t\t<div class=\"elementor-widget-container\">\n\t\t\t\t\t\t\t\t\t<div class=\"wpb_text_column wpb_content_element \"><div class=\"wpb_wrapper\"><p>Ev \u2013 i\u015fyeri \u2013 fabrika \u2013 gibi zaruri ihtiya\u00e7 hallerinde yeni g\u00fc\u00e7, g\u00fc\u00e7 art\u0131r\u0131m\u0131, g\u00fc\u00e7 azalt\u0131m\u0131, \u00e7at\u0131 piyesli daire\/i\u015fyeri b\u00f6lme, yap\u0131 kay\u0131tl\u0131 mesken ba\u015fvurular\u0131 gibi mahallerin ilgili Elektrik da\u011f\u0131t\u0131m \u015firketi standartlar\u0131na g\u00f6re \u00e7izimlerini ger\u00e7ekle\u015ftirmekteyiz.<\/p><\/div><\/div>\t\t\t\t\t\t\t\t<\/div>\n\t\t\t\t<\/div>\n\t\t\t\t\t<\/div>\n\t\t<\/div>\n\t\t\t\t<div class=\"elementor-column elementor-col-33 elementor-inner-column elementor-element elementor-element-0e75a2b\" data-id=\"0e75a2b\" data-element_type=\"column\">\n\t\t\t<div class=\"elementor-widget-wrap elementor-element-populated\">\n\t\t\t\t\t\t<div class=\"elementor-element elementor-element-5d00f5d elementor-widget elementor-widget-heading\" data-id=\"5d00f5d\" data-element_type=\"widget\" data-widget_type=\"heading.default\">\n\t\t\t\t<div class=\"elementor-widget-container\">\n\t\t\t\t\t<h2 class=\"elementor-heading-title elementor-size-default\">Y\u00fcksek(orta) Gerilim Proje \u00c7izimleri\n<\/h2>\t\t\t\t<\/div>\n\t\t\t\t<\/div>\n\t\t\t\t<div class=\"elementor-element elementor-element-fa94b15 elementor-widget elementor-widget-text-editor\" data-id=\"fa94b15\" data-element_type=\"widget\" data-widget_type=\"text-editor.default\">\n\t\t\t\t<div class=\"elementor-widget-container\">\n\t\t\t\t\t\t\t\t\t<div class=\"wpb_text_column wpb_content_element \"><div class=\"wpb_wrapper\"><p>Trafo merkezleri, enerji nakil hatlar\u0131 projelerinin \u00e7izimleri ilgili Elektrik Da\u011f\u0131t\u0131m \u015firketi ve TEDA\u015e standartlar\u0131nda yap\u0131lmakta ve onaylat\u0131lmaktad\u0131r.<\/p><\/div><\/div>\t\t\t\t\t\t\t\t<\/div>\n\t\t\t\t<\/div>\n\t\t\t\t\t<\/div>\n\t\t<\/div>\n\t\t\t\t\t<\/div>\n\t\t<\/section>\n\t\t\t\t<section class=\"elementor-section elementor-inner-section elementor-element elementor-element-0b47791 elementor-section-boxed elementor-section-height-default elementor-section-height-default\" data-id=\"0b47791\" data-element_type=\"section\">\n\t\t\t\t\t\t<div class=\"elementor-container elementor-column-gap-wider\">\n\t\t\t\t\t<div class=\"elementor-column elementor-col-33 elementor-inner-column elementor-element elementor-element-50e69ce\" data-id=\"50e69ce\" data-element_type=\"column\">\n\t\t\t<div class=\"elementor-widget-wrap elementor-element-populated\">\n\t\t\t\t\t\t<div class=\"elementor-element elementor-element-e4f9af7 elementor-widget elementor-widget-heading\" data-id=\"e4f9af7\" data-element_type=\"widget\" data-widget_type=\"heading.default\">\n\t\t\t\t<div class=\"elementor-widget-container\">\n\t\t\t\t\t<h2 class=\"elementor-heading-title elementor-size-default\">Belediye Elektrik Ruhsat Proje \u00c7izimleri\n<\/h2>\t\t\t\t<\/div>\n\t\t\t\t<\/div>\n\t\t\t\t<div class=\"elementor-element elementor-element-49b36ff elementor-widget elementor-widget-text-editor\" data-id=\"49b36ff\" data-element_type=\"widget\" data-widget_type=\"text-editor.default\">\n\t\t\t\t<div class=\"elementor-widget-container\">\n\t\t\t\t\t\t\t\t\t<div class=\"wpb_text_column wpb_content_element \"><div class=\"wpb_wrapper\"><div class=\"wpb_text_column wpb_content_element \"><div class=\"wpb_wrapper\"><p>Belediye ve Elektrik Da\u011f\u0131t\u0131m \u015eirketlerinin standartlar\u0131na g\u00f6re elektrik projelerinin \u00e7izim i\u015fleri yap\u0131lmaktad\u0131r.<\/p><\/div><\/div><\/div><\/div>\t\t\t\t\t\t\t\t<\/div>\n\t\t\t\t<\/div>\n\t\t\t\t\t<\/div>\n\t\t<\/div>\n\t\t\t\t<div class=\"elementor-column elementor-col-33 elementor-inner-column elementor-element elementor-element-9fc3966\" data-id=\"9fc3966\" data-element_type=\"column\">\n\t\t\t<div class=\"elementor-widget-wrap elementor-element-populated\">\n\t\t\t\t\t\t<div class=\"elementor-element elementor-element-cd0c863 elementor-widget elementor-widget-heading\" data-id=\"cd0c863\" data-element_type=\"widget\" data-widget_type=\"heading.default\">\n\t\t\t\t<div class=\"elementor-widget-container\">\n\t\t\t\t\t<h2 class=\"elementor-heading-title elementor-size-default\">\u0130\u015fyeri, Sanayi, Konut Elektrik Uygulama Projeleri<\/h2>\t\t\t\t<\/div>\n\t\t\t\t<\/div>\n\t\t\t\t<div class=\"elementor-element elementor-element-24e07ce elementor-widget elementor-widget-text-editor\" data-id=\"24e07ce\" data-element_type=\"widget\" data-widget_type=\"text-editor.default\">\n\t\t\t\t<div class=\"elementor-widget-container\">\n\t\t\t\t\t\t\t\t\t<div class=\"wpb_text_column wpb_content_element \"><div class=\"wpb_wrapper\"><div class=\"wpb_text_column wpb_content_element \"><div class=\"wpb_wrapper\"><p>Yerinde ke\u015fifler neticesinde mahalin yerinde yap\u0131lan\/yap\u0131lacak elektrik tesisatlar\u0131n\u0131n ilgili kurumlar t\u00fcz\u00fck ve \u015fartnameleri do\u011frultusunda projelerin \u00e7izimleri yap\u0131lmaktad\u0131r.<\/p><\/div><\/div><\/div><\/div>\t\t\t\t\t\t\t\t<\/div>\n\t\t\t\t<\/div>\n\t\t\t\t\t<\/div>\n\t\t<\/div>\n\t\t\t\t<div class=\"elementor-column elementor-col-33 elementor-inner-column elementor-element elementor-element-20c0199\" data-id=\"20c0199\" data-element_type=\"column\">\n\t\t\t<div class=\"elementor-widget-wrap elementor-element-populated\">\n\t\t\t\t\t\t<div class=\"elementor-element elementor-element-c0f02f8 elementor-widget elementor-widget-heading\" data-id=\"c0f02f8\" data-element_type=\"widget\" data-widget_type=\"heading.default\">\n\t\t\t\t<div class=\"elementor-widget-container\">\n\t\t\t\t\t<h2 class=\"elementor-heading-title elementor-size-default\">G\u00fcne\u015f Ve R\u00fczgar Enerjisi Proje \u00c7izimleri\n<\/h2>\t\t\t\t<\/div>\n\t\t\t\t<\/div>\n\t\t\t\t<div class=\"elementor-element elementor-element-d19e906 elementor-widget elementor-widget-text-editor\" data-id=\"d19e906\" data-element_type=\"widget\" data-widget_type=\"text-editor.default\">\n\t\t\t\t<div class=\"elementor-widget-container\">\n\t\t\t\t\t\t\t\t\t<div class=\"wpb_text_column wpb_content_element \"><div class=\"wpb_wrapper\"><div class=\"wpb_text_column wpb_content_element \"><div class=\"wpb_wrapper\"><p>G\u00fcne\u015f enerjisi elektrik tesisatlar\u0131, g\u00fcne\u015f \u0131\u015f\u0131\u011f\u0131n\u0131n etkili oldu\u011fu saatlerde bina, i\u015f yeri vb. alanlar\u0131n elektrik ihtiyac\u0131n\u0131 gidermek i\u00e7in kurulan sistemlerdir. R\u00fczg\u00e2r enerjisi elektrik tesisatlar\u0131, r\u00fczg\u00e2r g\u00fcc\u00fcn\u00fcn etkili oldu\u011fu saatlerde bina, i\u015f yeri vb. alanlar\u0131n elektrik ihtiyac\u0131n\u0131 gidermek i\u00e7in kurulan sistemlerdir. Bu sistemlerin projelendirilmesi ve tesislerin kurulumu i\u015flemleri taraf\u0131m\u0131zca yap\u0131lmaktad\u0131r.<\/p><\/div><\/div><\/div><\/div>\t\t\t\t\t\t\t\t<\/div>\n\t\t\t\t<\/div>\n\t\t\t\t\t<\/div>\n\t\t<\/div>\n\t\t\t\t\t<\/div>\n\t\t<\/section>\n\t\t\t\t<section class=\"elementor-section elementor-inner-section elementor-element elementor-element-3e31005 elementor-section-boxed elementor-section-height-default elementor-section-height-default\" data-id=\"3e31005\" data-element_type=\"section\">\n\t\t\t\t\t\t<div class=\"elementor-container elementor-column-gap-wider\">\n\t\t\t\t\t<div class=\"elementor-column elementor-col-33 elementor-inner-column elementor-element elementor-element-17d6e9d\" data-id=\"17d6e9d\" data-element_type=\"column\">\n\t\t\t<div class=\"elementor-widget-wrap elementor-element-populated\">\n\t\t\t\t\t\t<div class=\"elementor-element elementor-element-7292f0b elementor-widget elementor-widget-heading\" data-id=\"7292f0b\" data-element_type=\"widget\" data-widget_type=\"heading.default\">\n\t\t\t\t<div class=\"elementor-widget-container\">\n\t\t\t\t\t<h2 class=\"elementor-heading-title elementor-size-default\">Beda\u015f Talep A\u00e7ma Proje \u00c7izimleri\n<\/h2>\t\t\t\t<\/div>\n\t\t\t\t<\/div>\n\t\t\t\t<div class=\"elementor-element elementor-element-8beb39d elementor-widget elementor-widget-text-editor\" data-id=\"8beb39d\" data-element_type=\"widget\" data-widget_type=\"text-editor.default\">\n\t\t\t\t<div class=\"elementor-widget-container\">\n\t\t\t\t\t\t\t\t\t<div class=\"wpb_text_column wpb_content_element \"><div class=\"wpb_wrapper\"><div class=\"wpb_text_column wpb_content_element \"><div class=\"wpb_wrapper\"><div class=\"wpb_text_column wpb_content_element \"><div class=\"wpb_wrapper\"><p>ARNAVUTK\u00d6Y Elektrik Talep Proje gibi talep a\u00e7ma proje \u00e7izimleri taraf\u0131m\u0131zca yap\u0131lmaktad\u0131r.<\/p><\/div><\/div><\/div><\/div><\/div><\/div>\t\t\t\t\t\t\t\t<\/div>\n\t\t\t\t<\/div>\n\t\t\t\t\t<\/div>\n\t\t<\/div>\n\t\t\t\t<div class=\"elementor-column elementor-col-33 elementor-inner-column elementor-element elementor-element-cdab306\" data-id=\"cdab306\" data-element_type=\"column\">\n\t\t\t<div class=\"elementor-widget-wrap elementor-element-populated\">\n\t\t\t\t\t\t<div class=\"elementor-element elementor-element-2ae232d elementor-widget elementor-widget-heading\" data-id=\"2ae232d\" data-element_type=\"widget\" data-widget_type=\"heading.default\">\n\t\t\t\t<div class=\"elementor-widget-container\">\n\t\t\t\t\t<h2 class=\"elementor-heading-title elementor-size-default\">Topraklama, Harmonik \u00d6l\u00e7\u00fcm Ve Raporlama Hizmetleri\n<\/h2>\t\t\t\t<\/div>\n\t\t\t\t<\/div>\n\t\t\t\t<div class=\"elementor-element elementor-element-68f26d1 elementor-widget elementor-widget-text-editor\" data-id=\"68f26d1\" data-element_type=\"widget\" data-widget_type=\"text-editor.default\">\n\t\t\t\t<div class=\"elementor-widget-container\">\n\t\t\t\t\t\t\t\t\t<div class=\"wpb_text_column wpb_content_element \"><div class=\"wpb_wrapper\"><div class=\"wpb_text_column wpb_content_element \"><div class=\"wpb_wrapper\"><div class=\"wpb_text_column wpb_content_element \"><div class=\"wpb_wrapper\"><p>Firmam\u0131z b\u00fcnyesinde yap\u0131lan \u00f6l\u00e7\u00fcm ve raporlama i\u015flemleri; Topraklama, Paratoner \u00d6l\u00e7\u00fcm, Harmonik \u00d6l\u00e7\u00fcmleri, Termal Kamera, Makinalar\u0131n Topraklama \u00d6l\u00e7\u00fcmleri yap\u0131lmaktad\u0131r.<\/p><\/div><\/div><\/div><\/div><\/div><\/div>\t\t\t\t\t\t\t\t<\/div>\n\t\t\t\t<\/div>\n\t\t\t\t\t<\/div>\n\t\t<\/div>\n\t\t\t\t<div class=\"elementor-column elementor-col-33 elementor-inner-column elementor-element elementor-element-406b020\" data-id=\"406b020\" data-element_type=\"column\">\n\t\t\t<div class=\"elementor-widget-wrap elementor-element-populated\">\n\t\t\t\t\t\t<div class=\"elementor-element elementor-element-2719aa1 elementor-widget elementor-widget-heading\" data-id=\"2719aa1\" data-element_type=\"widget\" data-widget_type=\"heading.default\">\n\t\t\t\t<div class=\"elementor-widget-container\">\n\t\t\t\t\t<h2 class=\"elementor-heading-title elementor-size-default\">Trafo Belgesi Ba\u015fvuru \u0130\u015flemleri\n<\/h2>\t\t\t\t<\/div>\n\t\t\t\t<\/div>\n\t\t\t\t<div class=\"elementor-element elementor-element-b8d0e9b elementor-widget elementor-widget-text-editor\" data-id=\"b8d0e9b\" data-element_type=\"widget\" data-widget_type=\"text-editor.default\">\n\t\t\t\t<div class=\"elementor-widget-container\">\n\t\t\t\t\t\t\t\t\t<div class=\"wpb_text_column wpb_content_element \"><div class=\"wpb_wrapper\"><div class=\"wpb_text_column wpb_content_element \"><div class=\"wpb_wrapper\"><div class=\"wpb_text_column wpb_content_element \"><div class=\"wpb_wrapper\"><p>\u0130n\u015faat ruhsat\u0131 \u00f6ncesi yerel Belediyenin talep etti\u011fi bir belgedir. Arsa m2 ve talep edilecek yeni enerji miktar\u0131na g\u00f6re belirlenir. \u0130lgili belgenin ba\u015fvurulmas\u0131 ve h\u0131zl\u0131 sonu\u00e7land\u0131rma i\u015flemlerini yapmaktay\u0131z.<\/p><\/div><\/div><\/div><\/div><\/div><\/div>\t\t\t\t\t\t\t\t<\/div>\n\t\t\t\t<\/div>\n\t\t\t\t\t<\/div>\n\t\t<\/div>\n\t\t\t\t\t<\/div>\n\t\t<\/section>\n\t\t\t\t<section class=\"elementor-section elementor-inner-section elementor-element elementor-element-6239d42 elementor-section-boxed elementor-section-height-default elementor-section-height-default\" data-id=\"6239d42\" data-element_type=\"section\">\n\t\t\t\t\t\t<div class=\"elementor-container elementor-column-gap-wider\">\n\t\t\t\t\t<div class=\"elementor-column elementor-col-50 elementor-inner-column elementor-element elementor-element-353e4d3\" data-id=\"353e4d3\" data-element_type=\"column\">\n\t\t\t<div class=\"elementor-widget-wrap elementor-element-populated\">\n\t\t\t\t\t\t<div class=\"elementor-element elementor-element-893dd7b elementor-widget elementor-widget-heading\" data-id=\"893dd7b\" data-element_type=\"widget\" data-widget_type=\"heading.default\">\n\t\t\t\t<div class=\"elementor-widget-container\">\n\t\t\t\t\t<h2 class=\"elementor-heading-title elementor-size-default\">Enerji Kimlik Belgesi Raporu\n<\/h2>\t\t\t\t<\/div>\n\t\t\t\t<\/div>\n\t\t\t\t<div class=\"elementor-element elementor-element-617e17b elementor-widget elementor-widget-text-editor\" data-id=\"617e17b\" data-element_type=\"widget\" data-widget_type=\"text-editor.default\">\n\t\t\t\t<div class=\"elementor-widget-container\">\n\t\t\t\t\t\t\t\t\t<div class=\"wpb_text_column wpb_content_element \"><div class=\"wpb_wrapper\"><div class=\"wpb_text_column wpb_content_element \"><div class=\"wpb_wrapper\"><div class=\"wpb_text_column wpb_content_element \"><div class=\"wpb_wrapper\"><div class=\"wpb_text_column wpb_content_element \"><div class=\"wpb_wrapper\"><p>Enerji Kimlik Belgesi 1 Ocak 2011 tarihi itibariyle y\u00fcr\u00fcrl\u00fc\u011fe girdi.Art\u0131k konut sat\u0131n al\u0131rken veya kiralarken binan\u0131n enerji verimlili\u011fine g\u00f6re se\u00e7im yap\u0131lacak ve Enerji Kimlik Belgesi s\u0131n\u0131f\u0131 sorulacak.<\/p><\/div><\/div><\/div><\/div><\/div><\/div><\/div><\/div>\t\t\t\t\t\t\t\t<\/div>\n\t\t\t\t<\/div>\n\t\t\t\t\t<\/div>\n\t\t<\/div>\n\t\t\t\t<div class=\"elementor-column elementor-col-50 elementor-inner-column elementor-element elementor-element-759e4f3\" data-id=\"759e4f3\" data-element_type=\"column\">\n\t\t\t<div class=\"elementor-widget-wrap elementor-element-populated\">\n\t\t\t\t\t\t<div class=\"elementor-element elementor-element-1ee4881 elementor-widget elementor-widget-heading\" data-id=\"1ee4881\" data-element_type=\"widget\" data-widget_type=\"heading.default\">\n\t\t\t\t<div class=\"elementor-widget-container\">\n\t\t\t\t\t<h2 class=\"elementor-heading-title elementor-size-default\">Tesisat Uygunluk Belgesi Raporu\n<\/h2>\t\t\t\t<\/div>\n\t\t\t\t<\/div>\n\t\t\t\t<div class=\"elementor-element elementor-element-f09d273 elementor-widget elementor-widget-text-editor\" data-id=\"f09d273\" data-element_type=\"widget\" data-widget_type=\"text-editor.default\">\n\t\t\t\t<div class=\"elementor-widget-container\">\n\t\t\t\t\t\t\t\t\t<div class=\"wpb_text_column wpb_content_element \"><div class=\"wpb_wrapper\"><div class=\"wpb_text_column wpb_content_element \"><div class=\"wpb_wrapper\"><div class=\"wpb_text_column wpb_content_element \"><div class=\"wpb_wrapper\"><div class=\"wpb_text_column wpb_content_element \"><div class=\"wpb_wrapper\"><p>Elektrik \u0130\u00e7 Tesisleri Y\u00f6netmeli\u011fi,\u00a0Elektrik Kuvvetli Ak\u0131m Tesisleri Y\u00f6netmeli\u011fi\u00a0ve\u00a0Topraklamalar Y\u00f6netmeli\u011fi\u00a0ba\u011flam\u0131nda Elektrik Tesisat\u0131 uygunlu\u011fu i\u00e7in<strong>\u00a0y\u0131lda en az 1 defa<\/strong>\u00a0olmak \u00fczere tesisat\u0131n yetkili teknik personellerce denetlenerek kontrol raporunun haz\u0131rlanmas\u0131 ve uygunluk belgesinin olu\u015fturulmas\u0131 yap\u0131lmaktad\u0131r.<\/p><\/div><\/div><\/div><\/div><\/div><\/div><\/div><\/div>\t\t\t\t\t\t\t\t<\/div>\n\t\t\t\t<\/div>\n\t\t\t\t\t<\/div>\n\t\t<\/div>\n\t\t\t\t\t<\/div>\n\t\t<\/section>\n\t\t\t\t\t<\/div>\n\t\t<\/div>\n\t\t\t\t\t<\/div>\n\t\t<\/section>\n\t\t\t\t<\/div>\n\t\t","protected":false},"excerpt":{"rendered":"<p>Proje ve M\u00fchendislik Ck Beda\u015f Abonelik \u0130\u015flemleri Yetkili fen adam\u0131 personellerimizle, ev \u2013 i\u015fyeri \u2013 fabrika \u2013 Su kuyusu vb mahallere ilgili elektrik da\u011f\u0131t\u0131m \u015firketinde abonelik i\u015flemleri h\u0131zl\u0131 ve pratik \u00e7\u00f6z\u00fcmlerle yap\u0131lmaktad\u0131r. Al\u00e7ak Gerilim Proje \u00c7izimleri Ev \u2013 i\u015fyeri \u2013 fabrika \u2013 gibi zaruri ihtiya\u00e7 hallerinde yeni g\u00fc\u00e7, g\u00fc\u00e7 art\u0131r\u0131m\u0131, g\u00fc\u00e7 azalt\u0131m\u0131, \u00e7at\u0131 piyesli daire\/i\u015fyeri [&hellip;]<\/p>\n","protected":false},"author":1,"featured_media":0,"parent":0,"menu_order":0,"comment_status":"closed","ping_status":"closed","template":"","meta":{"footnotes":""},"class_list":["post-113","page","type-page","status-publish","hentry"],"_links":{"self":[{"href":"https:\/\/lumierelektrik.com\/index.php\/wp-json\/wp\/v2\/pages\/113","targetHints":{"allow":["GET"]}}],"collection":[{"href":"https:\/\/lumierelektrik.com\/index.php\/wp-json\/wp\/v2\/pages"}],"about":[{"href":"https:\/\/lumierelektrik.com\/index.php\/wp-json\/wp\/v2\/types\/page"}],"author":[{"embeddable":true,"href":"https:\/\/lumierelektrik.com\/index.php\/wp-json\/wp\/v2\/users\/1"}],"replies":[{"embeddable":true,"href":"https:\/\/lumierelektrik.com\/index.php\/wp-json\/wp\/v2\/comments?post=113"}],"version-history":[{"count":4,"href":"https:\/\/lumierelektrik.com\/index.php\/wp-json\/wp\/v2\/pages\/113\/revisions"}],"predecessor-version":[{"id":118,"href":"https:\/\/lumierelektrik.com\/index.php\/wp-json\/wp\/v2\/pages\/113\/revisions\/118"}],"wp:attachment":[{"href":"https:\/\/lumierelektrik.com\/index.php\/wp-json\/wp\/v2\/media?parent=113"}],"curies":[{"name":"wp","href":"https:\/\/api.w.org\/{rel}","templated":true}]}}